{"id":1313,"date":"2015-06-02T12:45:40","date_gmt":"2015-06-02T11:45:40","guid":{"rendered":"http:\/\/airforcebandbe.webhosting.be\/?page_id=1313"},"modified":"2015-06-02T13:10:52","modified_gmt":"2015-06-02T12:10:52","slug":"raphael-macaluso-2","status":"publish","type":"page","link":"https:\/\/airforceband.be\/fr\/raphael-macaluso-2\/","title":{"rendered":"Rapha\u00ebl MACALUSO"},"content":{"rendered":"[spb_column width=\u00a0\u00bb2\/3&Prime; el_position=\u00a0\u00bbfirst\u00a0\u00bb] [spb_text_block animation=\u00a0\u00bbnone\u00a0\u00bb animation_delay=\u00a0\u00bb0&Prime; padding_vertical=\u00a0\u00bb0&Prime; padding_horizontal=\u00a0\u00bb0&Prime; width=\u00a0\u00bb1\/1&Prime; el_position=\u00a0\u00bbfirst last\u00a0\u00bb]\n<p>Rafa\u00ebl Macaluso est n\u00e9 le 04 d\u00e9cembre 1979 \u00e0 Li\u00e8ge.<br \/>\nIl d\u00e9bute l\u2019\u00e9tude de la trompette \u00e0 l\u2019\u00e2ge de trois ans et demi sous la direction de son p\u00e8re Rosario Macaluso (Soliste International \u2013 Cornet Solo au Th\u00e9\u00e2tre Royal de la Monnaie \u2013 Professeur au Conservatoire Royal de Li\u00e8ge).<br \/>\nA l\u2019\u00e2ge de 7 ans (1987) il se produit pour la premi\u00e8re fois au Th\u00e9\u00e2tre Royal de la Monnaie dans l\u2019op\u00e9ra \u00ab Jenufa \u00bb de Janacek (musique de sc\u00e8ne \u2013 trompette piccolo) sous la direction de Sylvain Cambreling. C\u2019est \u00e0 ce moment qu\u2019il d\u00e9cide de faire de la musique et de sa trompette son m\u00e9tier.<\/p>\n<p>Durant son adolescence, les prestations seront nombreuses tant en soliste, en musique de chambre qu\u2019en orchestre symphonique et op\u00e9ra. C\u2019est \u00e0 cette p\u00e9riode (1994) qu\u2019il a l\u2019honneur d\u2019enregistrer un cd (PAVANE Records) avec Lola Bobesco (Violoniste de renom International &#8211; Laur\u00e9ate Finaliste \u00e0 17 ans du Concours Eug\u00e8ne Ysaye (1937) devenu apr\u00e8s la seconde guerre mondiale le Concours International de violon Reine Elisabeth (le premier class\u00e9 fut David Oistrak). Il porte \u00e9galement d\u00e9j\u00e0 \u00e0 cette p\u00e9riode un go\u00fbt particulier pour l\u2019enseignement.<br \/>\nA l\u2019\u00e2ge de 18 ans (1998), il entre au Conservatoire Royal de Musique de Li\u00e8ge dans la classe de trompette de son p\u00e8re Rosario Macaluso et \u00e0 l\u2019issue de la premi\u00e8re ann\u00e9e, il obtient d\u2019embl\u00e9e le premier prix de trompette avec grande distinction, le premier prix de musique de chambre avec distinction et le premier prix de solf\u00e8ge. Il \u00e0 eu pendant ses \u00e9tudes l\u2019occasion de rencontrer des professeurs tels que Manu Mellaerts (Soliste International &#8211; Trompette Solo au Th\u00e9\u00e2tre Royal de la Monnaie &#8211; professeur au Conservatoire Royal de Musique de Bruxelles), Pierre Thibaud (Soliste International \u2013 Cornet Solo \u00e0 l\u2019Op\u00e9ra de Paris &#8211; Professeur honoraire du Conservatoire National Sup\u00e9rieur de Paris), J\u00e9r\u00f4me Callet (New-York), Bob Case (Musicien de studio-New-York),\u2026<br \/>\nA l\u2019\u00e2ge de 21 ans (2001), il entre \u00e0 la Musique Royal de la Force A\u00e9rienne sous la direction du Commandant Chef de musique Alain Crepin actuellement sous la direction du Capitaine Chef de musique Matty Cilissen et \u00e0 cette m\u00eame p\u00e9riode devient assistant de la classe de trompette du Conservatoire Royal de Musique de Li\u00e8ge. Postes qu\u2019il occupe toujours actuellement. Il se produit \u00e9galement en soliste, en musique de chambre et ce dans tous les genres de musiques tant en Belgique qu\u2019\u00e0 l\u2019\u00e9tranger et assure la direction d\u2019une harmonie (Nidrum). Il m\u00e8ne \u00e9galement une activit\u00e9 intense en tant que compositeur arrangeur interpr\u00e8te au sein du \u00ab Studio 59 \u00bb qu\u2019il a cr\u00e9\u00e9 en ao\u00fbt 2013 (voir website www.rosariomacaluso.be) et des \u00e9ditions Golden River Music (voir website www.goldenrivermusic.be).<\/p>\n[\/spb_text_block] [\/spb_column] [spb_column width=\u00a0\u00bb1\/3&Prime; el_position=\u00a0\u00bblast\u00a0\u00bb] [spb_image image=\u00a0\u00bb959&Prime; image_size=\u00a0\u00bbfull\u00a0\u00bb image_width=\u00a0\u00bb300&Prime; frame=\u00a0\u00bbshadowframe\u00a0\u00bb intro_animation=\u00a0\u00bbnone\u00a0\u00bb animation_delay=\u00a0\u00bb200&Prime; fullwidth=\u00a0\u00bbno\u00a0\u00bb lightbox=\u00a0\u00bbyes\u00a0\u00bb link_target=\u00a0\u00bb_self\u00a0\u00bb caption_pos=\u00a0\u00bbhover\u00a0\u00bb width=\u00a0\u00bb1\/1&Prime; el_position=\u00a0\u00bbfirst last\u00a0\u00bb] [\/spb_column]\n","protected":false},"excerpt":{"rendered":"<p>[spb_column width=\u00a0\u00bb2\/3&Prime; el_position=\u00a0\u00bbfirst\u00a0\u00bb] [spb_text_block animation=\u00a0\u00bbnone\u00a0\u00bb animation_delay=\u00a0\u00bb0&Prime; padding_vertical=\u00a0\u00bb0&Prime; padding_horizontal=\u00a0\u00bb0&Prime; width=\u00a0\u00bb1\/1&Prime; el_position=\u00a0\u00bbfirst last\u00a0\u00bb] Rafa\u00ebl Macaluso est n\u00e9 le 04 d\u00e9cembre 1979 \u00e0 Li\u00e8ge. Il d\u00e9bute l\u2019\u00e9tude de la trompette \u00e0 l\u2019\u00e2ge de trois ans et demi sous la direction de son p\u00e8re Rosario Macaluso (Soliste International \u2013 Cornet Solo au Th\u00e9\u00e2tre Royal de la Monnaie \u2013 Professeur au Conservatoire Royal de Li\u00e8ge). [&hellip;]<\/p>\n","protected":false},"author":3,"featured_media":0,"parent":0,"menu_order":0,"comment_status":"closed","ping_status":"closed","template":"","meta":{"_price":"","_stock":"","_tribe_ticket_header":"","_tribe_default_ticket_provider":"","_tribe_ticket_capacity":"0","_ticket_start_date":"","_ticket_end_date":"","_tribe_ticket_show_description":"","_tribe_ticket_show_not_going":false,"_tribe_ticket_use_global_stock":"","_tribe_ticket_global_stock_level":"","_global_stock_mode":"","_global_stock_cap":"","_tribe_rsvp_for_event":"","_tribe_ticket_going_count":"","_tribe_ticket_not_going_count":"","_tribe_tickets_list":"[]","_tribe_ticket_has_attendee_info_fields":false,"footnotes":"","_tec_slr_enabled":"","_tec_slr_layout":""},"class_list":["post-1313","page","type-page","status-publish","hentry"],"ticketed":false,"_links":{"self":[{"href":"https:\/\/airforceband.be\/fr\/wp-json\/wp\/v2\/pages\/1313\/"}],"collection":[{"href":"https:\/\/airforceband.be\/fr\/wp-json\/wp\/v2\/pages\/"}],"about":[{"href":"https:\/\/airforceband.be\/fr\/wp-json\/wp\/v2\/types\/page\/"}],"author":[{"embeddable":true,"href":"https:\/\/airforceband.be\/fr\/wp-json\/wp\/v2\/users\/3\/"}],"replies":[{"embeddable":true,"href":"https:\/\/airforceband.be\/fr\/wp-json\/wp\/v2\/comments\/?post=1313"}],"version-history":[{"count":2,"href":"https:\/\/airforceband.be\/fr\/wp-json\/wp\/v2\/pages\/1313\/revisions\/"}],"predecessor-version":[{"id":1322,"href":"https:\/\/airforceband.be\/fr\/wp-json\/wp\/v2\/pages\/1313\/revisions\/1322\/"}],"wp:attachment":[{"href":"https:\/\/airforceband.be\/fr\/wp-json\/wp\/v2\/media\/?parent=1313"}],"curies":[{"name":"wp","href":"https:\/\/api.w.org\/{rel}","templated":true}]}}