{"id":1303,"date":"2015-06-02T12:41:32","date_gmt":"2015-06-02T11:41:32","guid":{"rendered":"http:\/\/airforcebandbe.webhosting.be\/?page_id=1303"},"modified":"2021-11-16T12:25:23","modified_gmt":"2021-11-16T11:25:23","slug":"matty-cilissen-2","status":"publish","type":"page","link":"https:\/\/airforceband.be\/fr\/matty-cilissen-2\/","title":{"rendered":"Matty CILISSEN"},"content":{"rendered":"[spb_text_block animation=\u00a0\u00bbnone\u00a0\u00bb animation_delay=\u00a0\u00bb0&Prime; simplified_controls=\u00a0\u00bbyes\u00a0\u00bb custom_css_percentage=\u00a0\u00bbno\u00a0\u00bb padding_vertical=\u00a0\u00bb0&Prime; padding_horizontal=\u00a0\u00bb0&Prime; margin_vertical=\u00a0\u00bb0&Prime; custom_css=\u00a0\u00bbmargin-top: 0px;margin-bottom: 0px;\u00a0\u00bb border_size=\u00a0\u00bb0&Prime; border_styling_global=\u00a0\u00bbdefault\u00a0\u00bb width=\u00a0\u00bb2\/3&Prime; el_position=\u00a0\u00bbfirst\u00a0\u00bb]\n<p>Matty Cilissen (\u00b0Riemst-Heukelom, 1976) d\u00e9bute d\u00e9bute sa formation musicale \u00e0 l\u2019\u00e2ge de six ans.<\/p>\n<p>Apr\u00e8s sa formation en humanit\u00e9s (latin-math\u00e9matiques), il b\u00e9n\u00e9ficie d\u2019une \u00e9ducation musicale dans divers conservatoires avec comme cour principal la direction d\u2019orchestre (entre autres chez Dirk Bross\u00e9, Norbert Nozy, Dirk De Caluw\u00e9, Jan Hadermann, Fran\u00e7ois De Ridder, Jan Cober et Jan Van der Roost), ce qui aboutit \u00e0 4 dipl\u00f4mes de master. De plus, il suit des masterclass en direction d\u2019orchestre avec Jorma Panula et Yvon Duc\u00e8ne.<\/p>\n<p>Il est chef invit\u00e9 de la Philharmonie Zuidnederland (NL), de l\u2019Orchestre symphonique du Nord des Pays-Bas du Nord, du grand ensemble de cuivres du Muntschouwburg belge ((The Ring for Brass, Richard Wagner), de Belgian Brass, du Rundfunkblasorchester Leipzig (D), de nombreux orchestres militaires internationaux et divers orchestres de jeunes en Allemagne et \u00e0 Vienne.<\/p>\n<p>D\u00e9j\u00e0 \u00e0 un tr\u00e8s jeune \u00e2ge, il a beaucoup de succ\u00e8s en tant que chef d\u2019orchestre dans le monde de la musique symphonique \u00e0 vent .\u00a0 Sous sa direction plusieurs concours internationaux sont remport\u00e9s, entre autres le Concours de musique du monde \u00e0 Kerkrade (plus haute division), le Concours TEMA Tielen, un concours de musique l\u00e9g\u00e8re et de divertissement, le Certamen \u00e0 Altea (Espagne).<\/p>\n<p>De plus, il est r\u00e9guli\u00e8rement invit\u00e9, en tant que membre du jury, \u00e0 divers concours internationaux.<\/p>\n<p>En 2007, il obtient les meilleurs r\u00e9sultats artistiques de tous les participants au concours d\u2019admission chef de musique de D\u00e9fense belge<\/p>\n<p>En 2008, il est nomm\u00e9 Chef de Musique de la Musique royale de la Marine.<\/p>\n<p>En janvier 2010, Matty Cilissen est nomm\u00e9 Chef de Musique de la Musique royale de la Force A\u00e9rienne.<\/p>\n[\/spb_text_block] [spb_image image=\u00a0\u00bb966&Prime; image_size=\u00a0\u00bbfull\u00a0\u00bb image_width=\u00a0\u00bb300&Prime; frame=\u00a0\u00bbshadowframe\u00a0\u00bb caption_pos=\u00a0\u00bbhover\u00a0\u00bb remove_rounded=\u00a0\u00bbyes\u00a0\u00bb fullwidth=\u00a0\u00bbno\u00a0\u00bb overflow_mode=\u00a0\u00bbnone\u00a0\u00bb link_target=\u00a0\u00bb_self\u00a0\u00bb lightbox=\u00a0\u00bbyes\u00a0\u00bb intro_animation=\u00a0\u00bbnone\u00a0\u00bb animation_delay=\u00a0\u00bb200&Prime; width=\u00a0\u00bb1\/3&Prime; el_position=\u00a0\u00bblast\u00a0\u00bb][\/spb_image]\n","protected":false},"excerpt":{"rendered":"<p>[spb_text_block animation=\u00a0\u00bbnone\u00a0\u00bb animation_delay=\u00a0\u00bb0&Prime; simplified_controls=\u00a0\u00bbyes\u00a0\u00bb custom_css_percentage=\u00a0\u00bbno\u00a0\u00bb padding_vertical=\u00a0\u00bb0&Prime; padding_horizontal=\u00a0\u00bb0&Prime; margin_vertical=\u00a0\u00bb0&Prime; custom_css=\u00a0\u00bbmargin-top: 0px;margin-bottom: 0px;\u00a0\u00bb border_size=\u00a0\u00bb0&Prime; border_styling_global=\u00a0\u00bbdefault\u00a0\u00bb width=\u00a0\u00bb2\/3&Prime; el_position=\u00a0\u00bbfirst\u00a0\u00bb] Matty Cilissen (\u00b0Riemst-Heukelom, 1976) d\u00e9bute d\u00e9bute sa formation musicale \u00e0 l\u2019\u00e2ge de six ans. Apr\u00e8s sa formation en humanit\u00e9s (latin-math\u00e9matiques), il b\u00e9n\u00e9ficie d\u2019une \u00e9ducation musicale dans divers conservatoires avec comme cour principal la direction d\u2019orchestre (entre autres chez Dirk Bross\u00e9, Norbert Nozy, Dirk De Caluw\u00e9, [&hellip;]<\/p>\n","protected":false},"author":3,"featured_media":0,"parent":0,"menu_order":0,"comment_status":"closed","ping_status":"closed","template":"","meta":{"_price":"","_stock":"","_tribe_ticket_header":"","_tribe_default_ticket_provider":"","_tribe_ticket_capacity":"0","_ticket_start_date":"","_ticket_end_date":"","_tribe_ticket_show_description":"","_tribe_ticket_show_not_going":false,"_tribe_ticket_use_global_stock":"","_tribe_ticket_global_stock_level":"","_global_stock_mode":"","_global_stock_cap":"","_tribe_rsvp_for_event":"","_tribe_ticket_going_count":"","_tribe_ticket_not_going_count":"","_tribe_tickets_list":"[]","_tribe_ticket_has_attendee_info_fields":false,"footnotes":"","_tec_slr_enabled":"","_tec_slr_layout":""},"class_list":["post-1303","page","type-page","status-publish","hentry"],"ticketed":false,"_links":{"self":[{"href":"https:\/\/airforceband.be\/fr\/wp-json\/wp\/v2\/pages\/1303\/"}],"collection":[{"href":"https:\/\/airforceband.be\/fr\/wp-json\/wp\/v2\/pages\/"}],"about":[{"href":"https:\/\/airforceband.be\/fr\/wp-json\/wp\/v2\/types\/page\/"}],"author":[{"embeddable":true,"href":"https:\/\/airforceband.be\/fr\/wp-json\/wp\/v2\/users\/3\/"}],"replies":[{"embeddable":true,"href":"https:\/\/airforceband.be\/fr\/wp-json\/wp\/v2\/comments\/?post=1303"}],"version-history":[{"count":4,"href":"https:\/\/airforceband.be\/fr\/wp-json\/wp\/v2\/pages\/1303\/revisions\/"}],"predecessor-version":[{"id":4698,"href":"https:\/\/airforceband.be\/fr\/wp-json\/wp\/v2\/pages\/1303\/revisions\/4698\/"}],"wp:attachment":[{"href":"https:\/\/airforceband.be\/fr\/wp-json\/wp\/v2\/media\/?parent=1303"}],"curies":[{"name":"wp","href":"https:\/\/api.w.org\/{rel}","templated":true}]}}