{"id":1299,"date":"2015-02-20T12:36:12","date_gmt":"2015-02-20T11:36:12","guid":{"rendered":"http:\/\/airforcebandbe.webhosting.be\/?page_id=1299"},"modified":"2021-10-20T17:34:27","modified_gmt":"2021-10-20T15:34:27","slug":"guido-de-valck","status":"publish","type":"page","link":"https:\/\/airforceband.be\/fr\/guido-de-valck\/","title":{"rendered":"Micha\u00ebl TAMBOUR"},"content":{"rendered":"[spb_text_block animation=\u00a0\u00bbnone\u00a0\u00bb animation_delay=\u00a0\u00bb0&Prime; simplified_controls=\u00a0\u00bbyes\u00a0\u00bb custom_css_percentage=\u00a0\u00bbno\u00a0\u00bb padding_vertical=\u00a0\u00bb0&Prime; padding_horizontal=\u00a0\u00bb0&Prime; margin_vertical=\u00a0\u00bb0&Prime; custom_css=\u00a0\u00bbmargin-top: 0px;margin-bottom: 0px;\u00a0\u00bb border_size=\u00a0\u00bb0&Prime; border_styling_global=\u00a0\u00bbdefault\u00a0\u00bb width=\u00a0\u00bb2\/3&Prime; el_position=\u00a0\u00bbfirst\u00a0\u00bb]\n<p>Micha\u00ebl Tambour, n\u00e9 \u00e0 Bruxelles le 8 octobre 1983, \u00e9tudie la trompette aux acad\u00e9mies d&rsquo;Anderlecht et de Ch\u00ean\u00e9e o\u00f9 il obtient la m\u00e9daille du gouvernement \u00e0 l&rsquo;\u00e2ge de 12 ans.<\/p>\n<p>A 16 ans, il entre au Conservatoire royal de Musique de Li\u00e8ge et obtient, d&#8217;embl\u00e9e, un 1er prix de solf\u00e8ge et un 1er prix de trompette avec grande distinction.<\/p>\n<p>En juin 2004, il obtient le dipl\u00f4me sup\u00e9rieur de trompette \u00e0 l&rsquo;unanimit\u00e9 du jury avec grande distinction et un premier prix de musique de chambre avec distinction.<\/p>\n<p>Micha\u00ebl se perfectionne ensuite avec des trompettistes de renomm\u00e9e internationale tels que, Pierre Thibaud, Matthias H\u00f6fs, Reinhold Friedrich, Manu Mellaerts, Hans Gansch, Vladimir Kafelnikov, Bob Kase, Claudio Roditi, etc&#8230;<\/p>\n<p>A 12 ans il est engag\u00e9 comme soliste \u00e0 la squadra d&rsquo;Anvers dans l&rsquo;op\u00e9ra \u00ab Cinderella \u00bb de P. M. Davis et depuis il est r\u00e9guli\u00e8rement demand\u00e9 dans de nombreux orchestres tels que le Th\u00e9\u00e2tre Royal de la Monnaie, l&rsquo;op\u00e9ra des Flandres, L&rsquo;op\u00e9ra Royal de Wallonie, l&rsquo;orchestre Royal Philharmonique de Li\u00e8ge, l\u2019orchestre de chambre de Wallonie etc&#8230;<\/p>\n<p>De 1997 \u00e0 2002, il fait partie du quatuor de trompettes MTDM qui s&rsquo;est produit en Belgique et \u00e0 l&rsquo;\u00e9tranger : France, Allemagne, Italie (\u00e0 la \u00ab Fenice \u00bb \u00e0 Venise).<\/p>\n<p>En 2001, il est engag\u00e9 dans le corps de trompettes du Grand Orchestre d&rsquo;Harmonie du 1er R\u00e9giment des Guides avec lequel il se produit r\u00e9guli\u00e8rement en Belgique et \u00e0 l&rsquo;\u00e9tranger. En mai 2007, il devient soliste du corps de trompettes des Guides<\/p>\n<p>En f\u00e9vrier 2012 il r\u00e9ussit l&rsquo;audition de trompette pour la Musique Royale de la Force A\u00e9rienne et en f\u00e9vrier 2013 il y devient 1er soliste. Micha\u00ebl se diversifie et est reconnu aussi bien dans le monde de la musique Baroque que dans le Jazz ou la Vari\u00e9t\u00e9.<\/p>\n<p>Depuis janvier 2004, il fait partie du trio Lamib\u00e9 Tromba<\/p>\n<p>Depuis 2005 il fait partie du groupe de Cover \u00ab\u00a0Soul Factory\u00a0\u00bb<\/p>\n<p>Depuis 2010 il fait partie du groupe de Salsa \u00ab\u00a0Mucho Gusto\u00a0\u00bb<\/p>\n<p>Depuis 2011 il fait partie de \u00ab\u00a0l&rsquo;Ensemble de Cuivres de Belgique\u00a0\u00bb avec lequel il a \u00e9t\u00e9 notamment invit\u00e9 au Japon en Juin 2015 et 2018 ainsi qu&rsquo;en Cor\u00e9e du Sud en 2019 pour des s\u00e9ries de concerts.<\/p>\n<p>De 2012 \u00e0 2016, il est professeur de trompette \u00e0 l&rsquo;acad\u00e9mie de Beloeil.<\/p>\n<p>Depuis 2016 il est professeur de trompette \u00e0 l&rsquo;acad\u00e9mie de Frameries.<\/p>\n<p>En juillet 2018 Michael devient Adjudant-Chef, Chef de pupitre des cuivres de la Musique Royale de la Force A\u00e9rienne<\/p>\n[\/spb_text_block] [spb_image image=\u00a0\u00bb1165&Prime; image_size=\u00a0\u00bbfull\u00a0\u00bb image_width=\u00a0\u00bb300&Prime; frame=\u00a0\u00bbshadowframe\u00a0\u00bb caption_pos=\u00a0\u00bbhover\u00a0\u00bb remove_rounded=\u00a0\u00bbyes\u00a0\u00bb fullwidth=\u00a0\u00bbno\u00a0\u00bb overflow_mode=\u00a0\u00bbnone\u00a0\u00bb link_target=\u00a0\u00bb_self\u00a0\u00bb lightbox=\u00a0\u00bbyes\u00a0\u00bb intro_animation=\u00a0\u00bbnone\u00a0\u00bb animation_delay=\u00a0\u00bb200&Prime; width=\u00a0\u00bb1\/3&Prime; el_position=\u00a0\u00bblast\u00a0\u00bb][\/spb_image]\n","protected":false},"excerpt":{"rendered":"<p>[spb_text_block animation=\u00a0\u00bbnone\u00a0\u00bb animation_delay=\u00a0\u00bb0&Prime; simplified_controls=\u00a0\u00bbyes\u00a0\u00bb custom_css_percentage=\u00a0\u00bbno\u00a0\u00bb padding_vertical=\u00a0\u00bb0&Prime; padding_horizontal=\u00a0\u00bb0&Prime; margin_vertical=\u00a0\u00bb0&Prime; custom_css=\u00a0\u00bbmargin-top: 0px;margin-bottom: 0px;\u00a0\u00bb border_size=\u00a0\u00bb0&Prime; border_styling_global=\u00a0\u00bbdefault\u00a0\u00bb width=\u00a0\u00bb2\/3&Prime; el_position=\u00a0\u00bbfirst\u00a0\u00bb] Micha\u00ebl Tambour, n\u00e9 \u00e0 Bruxelles le 8 octobre 1983, \u00e9tudie la trompette aux acad\u00e9mies d&rsquo;Anderlecht et de Ch\u00ean\u00e9e o\u00f9 il obtient la m\u00e9daille du gouvernement \u00e0 l&rsquo;\u00e2ge de 12 ans. A 16 ans, il entre au Conservatoire royal de Musique de Li\u00e8ge et obtient, d&#8217;embl\u00e9e, [&hellip;]<\/p>\n","protected":false},"author":3,"featured_media":0,"parent":0,"menu_order":0,"comment_status":"closed","ping_status":"closed","template":"","meta":{"_price":"","_stock":"","_tribe_ticket_header":"","_tribe_default_ticket_provider":"","_tribe_ticket_capacity":"0","_ticket_start_date":"","_ticket_end_date":"","_tribe_ticket_show_description":"","_tribe_ticket_show_not_going":false,"_tribe_ticket_use_global_stock":"","_tribe_ticket_global_stock_level":"","_global_stock_mode":"","_global_stock_cap":"","_tribe_rsvp_for_event":"","_tribe_ticket_going_count":"","_tribe_ticket_not_going_count":"","_tribe_tickets_list":"[]","_tribe_ticket_has_attendee_info_fields":false,"footnotes":"","_tec_slr_enabled":"","_tec_slr_layout":""},"class_list":["post-1299","page","type-page","status-publish","hentry"],"ticketed":false,"_links":{"self":[{"href":"https:\/\/airforceband.be\/fr\/wp-json\/wp\/v2\/pages\/1299\/"}],"collection":[{"href":"https:\/\/airforceband.be\/fr\/wp-json\/wp\/v2\/pages\/"}],"about":[{"href":"https:\/\/airforceband.be\/fr\/wp-json\/wp\/v2\/types\/page\/"}],"author":[{"embeddable":true,"href":"https:\/\/airforceband.be\/fr\/wp-json\/wp\/v2\/users\/3\/"}],"replies":[{"embeddable":true,"href":"https:\/\/airforceband.be\/fr\/wp-json\/wp\/v2\/comments\/?post=1299"}],"version-history":[{"count":4,"href":"https:\/\/airforceband.be\/fr\/wp-json\/wp\/v2\/pages\/1299\/revisions\/"}],"predecessor-version":[{"id":3805,"href":"https:\/\/airforceband.be\/fr\/wp-json\/wp\/v2\/pages\/1299\/revisions\/3805\/"}],"wp:attachment":[{"href":"https:\/\/airforceband.be\/fr\/wp-json\/wp\/v2\/media\/?parent=1299"}],"curies":[{"name":"wp","href":"https:\/\/api.w.org\/{rel}","templated":true}]}}