{"id":1294,"date":"2015-06-02T12:37:06","date_gmt":"2015-06-02T11:37:06","guid":{"rendered":"http:\/\/airforcebandbe.webhosting.be\/?page_id=1294"},"modified":"2021-11-15T20:08:52","modified_gmt":"2021-11-15T19:08:52","slug":"muziekkapel","status":"publish","type":"page","link":"https:\/\/airforceband.be\/fr\/muziekkapel\/","title":{"rendered":"LA MUSIQUE"},"content":{"rendered":"[spb_image image=\u00a0\u00bb98&Prime; image_size=\u00a0\u00bblarge\u00a0\u00bb frame=\u00a0\u00bbnoframe\u00a0\u00bb intro_animation=\u00a0\u00bbnone\u00a0\u00bb animation_delay=\u00a0\u00bb200&Prime; fullwidth=\u00a0\u00bbno\u00a0\u00bb lightbox=\u00a0\u00bbyes\u00a0\u00bb link_target=\u00a0\u00bb_self\u00a0\u00bb caption=\u00a0\u00bbKoninklijke Muziekkapel van de Belgische Luchtmacht \/ Musique Royale de la Force A\u00e9rienne Belge\u00a0\u00bb caption_pos=\u00a0\u00bbhover\u00a0\u00bb width=\u00a0\u00bb1\/1&Prime; el_position=\u00a0\u00bbfirst last\u00a0\u00bb] [spb_text_block animation=\u00a0\u00bbnone\u00a0\u00bb animation_delay=\u00a0\u00bb0&Prime; padding_vertical=\u00a0\u00bb0&Prime; padding_horizontal=\u00a0\u00bb0&Prime; width=\u00a0\u00bb1\/1&Prime; el_position=\u00a0\u00bbfirst last\u00a0\u00bb]\n<p>Fond\u00e9e en 1946, la Musique de Bruxelles fut d\u00e8s l\u2019ann\u00e9e suivante renomm\u00e9e Musique de la Force A\u00e9rienne belge, avant de prendre le qualificatif de \u201cRoyale\u201d \u00e0 son cinquanti\u00e8me anniversaire. Cette unit\u00e9 d\u2019\u00e9lite de la D\u00e9fense belge se compose d\u2019un orchestre symphonique de 60 musiciens professionnels soigneusement s\u00e9lectionn\u00e9s, qui gr\u00e2ce \u00e0 plusieurs chefs d\u2019orchestre illustres, n\u2019a cess\u00e9 de progresser pour compter actuellement parmi les meilleures du monde.<\/p>\n<p>L\u2019une des t\u00e2ches essentielles de la Musique Royale de la Force A\u00e9rienne consiste \u00e0 procurer un appui musical lors de c\u00e9r\u00e9monies militaires et de visites d\u2019\u00c9tat internationales. Elle remplit en outre une fonction de repr\u00e9sentation comme vecteur exceptionnel de relations publiques et ambassadeur de la D\u00e9fense vers l\u2019ext\u00e9rieur.<\/p>\n<p>Gr\u00e2ce \u00e0 son esprit d\u2019innovation et de cr\u00e9ativit\u00e9, la Musique Royale de la Force A\u00e9rienne belge est devenue une formation moderne avec un r\u00e9pertoire \u00e9clectique, abordant les genres romantique, classique l\u00e9ger et moderne, sous des formations tr\u00e8s vari\u00e9es, du bigband \u00e0 l\u2019orchestre symphonique, de Glenn Miller \u00e0 Richard Strauss.<\/p>\n<p>La Musique Royale de la Force A\u00e9rienne a servi de pionnier au m\u00e9lange des genres musicaux classiques abordables et plus l\u00e9gers (latin, swing, pop, rock, funk). Ce principe explique pourquoi cette phalange peut s\u2019appuyer sur une base musicale tr\u00e8s large, ceci \u00e0 titre de promotion et de repr\u00e9sentation de et pour la D\u00e9fense, la Nation et la population. Tradition, divertissement, humour et haut niveau artistique assurent le respect et la popularit\u00e9 de la Musique Royale de la Force A\u00e9rienne lors de ses tourn\u00e9es et repr\u00e9sentations, comme en t\u00e9moignent maints \u00e9loges en Belgique et \u00e0 l\u2019\u00e9tranger.<\/p>\n<p>Parmi les activit\u00e9s phares de la Musique Royale se comptent les participations aux d\u00e9fil\u00e9s de fanfares militaires et festivals musicaux internationaux, notamment Albertville et Nice (France), M\u00f6nchengladbach et Kaiserslautern (Allemagne), Bari, Rome et Bardonecchia (Italie), Alborg (Danemark), Cracovie (Pologne), Halifax et Qu\u00e9bec (Canada), Neuch\u00e2tel (Suisse), Minneapolis (USA), Veliko Tarnovo (Bulgarie), Oslo (Norv\u00e8ge), Hamina (Finlande), etc.<br \/>\nLa Musique Royale accompagne tr\u00e8s r\u00e9guli\u00e8rement de grands solistes belges et \u00e9trangers, dont Eug\u00e8ne Rousseau (USA), Nathalie Choquette (Canada), Fran\u00e7ois Daneels, Jean-Claude Van den Eynde, Jan \u201cToots\u201d Thielemans, Filip Jordens, Jo Lemaire, Jan Smets et Simon Diricq (Belgique). La formation a m\u00eame eu l\u2019honneur de jouer sous la conduite de chefs d\u2019orchestre de renom, comme Roger Boutry (France), Simon Poulain (Belgique), Andr\u00e9 Waignein (Belgique), Dennis Layendecker (USA) et Bernardo Adam Ferrero (Espagne).<\/p>\n<p>Au titre d\u2019ambassadeur important de la Force A\u00e9rienne, le personnel de la Musique Royale porte depuis 1995 l\u2019aiguillette de l\u2019Ordre de L\u00e9opold. Le titre de \u201croyal\u201d a \u00e9t\u00e9 octroy\u00e9 la m\u00eame ann\u00e9e par Sa Majest\u00e9 le roi Albert II, lors de la f\u00eate annuelle de la Force A\u00e9rienne.<\/p>\n<p>Depuis le 4 janvier 2010, la Musique Royale est plac\u00e9e sous le commandement du Capitaine Chef de Musique Matty CILISSEN et son adjoint, l\u2019adjudant-major sous-chef de musique Dominique LECOMTE. Leur \u00e9tat-major se compose de l\u2019adjudant tambour-major Rapha\u00ebl MACALUSO ainsi que des adjudants-chefs chef de pupitre Olivier ZBONA et Guido DE VALCK.<\/p>\n[\/spb_text_block]\n","protected":false},"excerpt":{"rendered":"<p>[spb_image image=\u00a0\u00bb98&Prime; image_size=\u00a0\u00bblarge\u00a0\u00bb frame=\u00a0\u00bbnoframe\u00a0\u00bb intro_animation=\u00a0\u00bbnone\u00a0\u00bb animation_delay=\u00a0\u00bb200&Prime; fullwidth=\u00a0\u00bbno\u00a0\u00bb lightbox=\u00a0\u00bbyes\u00a0\u00bb link_target=\u00a0\u00bb_self\u00a0\u00bb caption=\u00a0\u00bbKoninklijke Muziekkapel van de Belgische Luchtmacht \/ Musique Royale de la Force A\u00e9rienne Belge\u00a0\u00bb caption_pos=\u00a0\u00bbhover\u00a0\u00bb width=\u00a0\u00bb1\/1&Prime; el_position=\u00a0\u00bbfirst last\u00a0\u00bb] [spb_text_block animation=\u00a0\u00bbnone\u00a0\u00bb animation_delay=\u00a0\u00bb0&Prime; padding_vertical=\u00a0\u00bb0&Prime; padding_horizontal=\u00a0\u00bb0&Prime; width=\u00a0\u00bb1\/1&Prime; el_position=\u00a0\u00bbfirst last\u00a0\u00bb] Fond\u00e9e en 1946, la Musique de Bruxelles fut d\u00e8s l\u2019ann\u00e9e suivante renomm\u00e9e Musique de la Force A\u00e9rienne belge, avant de prendre le qualificatif de \u201cRoyale\u201d [&hellip;]<\/p>\n","protected":false},"author":3,"featured_media":0,"parent":0,"menu_order":0,"comment_status":"closed","ping_status":"closed","template":"","meta":{"_price":"","_stock":"","_tribe_ticket_header":"","_tribe_default_ticket_provider":"","_tribe_ticket_capacity":"0","_ticket_start_date":"","_ticket_end_date":"","_tribe_ticket_show_description":"","_tribe_ticket_show_not_going":false,"_tribe_ticket_use_global_stock":"","_tribe_ticket_global_stock_level":"","_global_stock_mode":"","_global_stock_cap":"","_tribe_rsvp_for_event":"","_tribe_ticket_going_count":"","_tribe_ticket_not_going_count":"","_tribe_tickets_list":"[]","_tribe_ticket_has_attendee_info_fields":false,"footnotes":"","_tec_slr_enabled":"","_tec_slr_layout":""},"class_list":["post-1294","page","type-page","status-publish","hentry"],"ticketed":false,"_links":{"self":[{"href":"https:\/\/airforceband.be\/fr\/wp-json\/wp\/v2\/pages\/1294\/"}],"collection":[{"href":"https:\/\/airforceband.be\/fr\/wp-json\/wp\/v2\/pages\/"}],"about":[{"href":"https:\/\/airforceband.be\/fr\/wp-json\/wp\/v2\/types\/page\/"}],"author":[{"embeddable":true,"href":"https:\/\/airforceband.be\/fr\/wp-json\/wp\/v2\/users\/3\/"}],"replies":[{"embeddable":true,"href":"https:\/\/airforceband.be\/fr\/wp-json\/wp\/v2\/comments\/?post=1294"}],"version-history":[{"count":4,"href":"https:\/\/airforceband.be\/fr\/wp-json\/wp\/v2\/pages\/1294\/revisions\/"}],"predecessor-version":[{"id":1626,"href":"https:\/\/airforceband.be\/fr\/wp-json\/wp\/v2\/pages\/1294\/revisions\/1626\/"}],"wp:attachment":[{"href":"https:\/\/airforceband.be\/fr\/wp-json\/wp\/v2\/media\/?parent=1294"}],"curies":[{"name":"wp","href":"https:\/\/api.w.org\/{rel}","templated":true}]}}