{"id":1230,"date":"2015-06-01T16:44:08","date_gmt":"2015-06-01T15:44:08","guid":{"rendered":"http:\/\/airforcebandbe.webhosting.be\/?page_id=1230"},"modified":"2015-06-09T16:15:30","modified_gmt":"2015-06-09T14:15:30","slug":"membres","status":"publish","type":"page","link":"https:\/\/airforceband.be\/fr\/membres\/","title":{"rendered":"MEMBRES"},"content":{"rendered":"<p><strong>1. Les membres sont:<\/strong><\/p>\n<p style=\"padding-left: 30px;\">1\u00b0 les membres qui occupent une fonction administrative<\/p>\n<p style=\"padding-left: 30px;\">2\u00b0 les fondateurs, les signataires de l\u2019acte original;<\/p>\n<p style=\"padding-left: 30px;\">3\u00b0 le Chef de musique, le Sous-Chef et le Tambour-Major de la Musique Royale de la Force a\u00e9rienne;<\/p>\n<p style=\"padding-left: 30px;\">4\u00b0 chaque membre affili\u00e9 ou membre sympathisant, qui est admis comme membre actif par la d\u00e9cision souveraine du Conseil d\u2019administration et ceci avec trois quarts des voix pr\u00e9sentes. Les modalit\u00e9s sont d\u00e9finies dans le r\u00e8glement int\u00e9rieur.<\/p>\n<p><strong>2. Les membres sympathisants sont:<\/strong><\/p>\n<p style=\"padding-left: 30px;\">1\u00b0 les membres de la Musique Royale de la Force a\u00e9rienne, autres que ceux mentionn\u00e9s au-dessus;<\/p>\n<p style=\"padding-left: 30px;\">2\u00b0 les personnes qui souhaitent aider l\u2019association pour la r\u00e9alisation de ses buts.<\/p>\n<p style=\"padding-left: 30px;\">Les membres affili\u00e9s n\u2019occupent pas une fonction administrative et n\u2019ont aucun droit de vote dans le Conseil d\u2019administration, ni dans l\u2019Assembl\u00e9e g\u00e9n\u00e9rale.<\/p>\n<p><strong>3. Les membres qui ont augment\u00e9 la renomm\u00e9e de l\u2019ASBF par leur action, peuvent \u00eatre nomm\u00e9s membre d\u2019honneur. Ils agissent en tant que conseiller de l\u2019association et sont invit\u00e9s \u00e0 toutes les r\u00e9unions du Conseil d\u2019administration et de l\u2019Assembl\u00e9e g\u00e9n\u00e9rale. Les membres d\u2019honneurs qui ne sont pas un membre comme mentionn\u00e9 en \u00a7 1 de cet article n\u2019ont cependant aucun droit de vote.<\/strong><\/p>\n","protected":false},"excerpt":{"rendered":"<p>1. Les membres sont: 1\u00b0 les membres qui occupent une fonction administrative 2\u00b0 les fondateurs, les signataires de l\u2019acte original; 3\u00b0 le Chef de musique, le Sous-Chef et le Tambour-Major de la Musique Royale de la Force a\u00e9rienne; 4\u00b0 chaque membre affili\u00e9 ou membre sympathisant, qui est admis comme membre actif par la d\u00e9cision souveraine du Conseil d\u2019administration et ceci [&hellip;]<\/p>\n","protected":false},"author":3,"featured_media":0,"parent":0,"menu_order":0,"comment_status":"closed","ping_status":"closed","template":"","meta":{"_price":"","_stock":"","_tribe_ticket_header":"","_tribe_default_ticket_provider":"","_tribe_ticket_capacity":"0","_ticket_start_date":"","_ticket_end_date":"","_tribe_ticket_show_description":"","_tribe_ticket_show_not_going":false,"_tribe_ticket_use_global_stock":"","_tribe_ticket_global_stock_level":"","_global_stock_mode":"","_global_stock_cap":"","_tribe_rsvp_for_event":"","_tribe_ticket_going_count":"","_tribe_ticket_not_going_count":"","_tribe_tickets_list":"[]","_tribe_ticket_has_attendee_info_fields":false,"footnotes":"","_tec_slr_enabled":"","_tec_slr_layout":""},"class_list":["post-1230","page","type-page","status-publish","hentry"],"ticketed":false,"_links":{"self":[{"href":"https:\/\/airforceband.be\/fr\/wp-json\/wp\/v2\/pages\/1230\/"}],"collection":[{"href":"https:\/\/airforceband.be\/fr\/wp-json\/wp\/v2\/pages\/"}],"about":[{"href":"https:\/\/airforceband.be\/fr\/wp-json\/wp\/v2\/types\/page\/"}],"author":[{"embeddable":true,"href":"https:\/\/airforceband.be\/fr\/wp-json\/wp\/v2\/users\/3\/"}],"replies":[{"embeddable":true,"href":"https:\/\/airforceband.be\/fr\/wp-json\/wp\/v2\/comments\/?post=1230"}],"version-history":[{"count":7,"href":"https:\/\/airforceband.be\/fr\/wp-json\/wp\/v2\/pages\/1230\/revisions\/"}],"predecessor-version":[{"id":1451,"href":"https:\/\/airforceband.be\/fr\/wp-json\/wp\/v2\/pages\/1230\/revisions\/1451\/"}],"wp:attachment":[{"href":"https:\/\/airforceband.be\/fr\/wp-json\/wp\/v2\/media\/?parent=1230"}],"curies":[{"name":"wp","href":"https:\/\/api.w.org\/{rel}","templated":true}]}}