{"id":1177,"date":"2015-02-16T14:35:19","date_gmt":"2015-02-16T13:35:19","guid":{"rendered":"http:\/\/airforcebandbe.webhosting.be\/?page_id=1177"},"modified":"2024-06-29T18:39:26","modified_gmt":"2024-06-29T16:39:26","slug":"home","status":"publish","type":"page","link":"https:\/\/airforceband.be\/fr\/","title":{"rendered":"ACCEUIL"},"content":{"rendered":"[spb_blank_spacer height=\u00a0\u00bb30px\u00a0\u00bb width=\u00a0\u00bb1\/1&Prime; el_position=\u00a0\u00bbfirst last\u00a0\u00bb] [spb_image image_size=\u00a0\u00bbfull\u00a0\u00bb frame=\u00a0\u00bbnoframe\u00a0\u00bb caption=\u00a0\u00bbPOUR REGARDER LES PHOTO&rsquo;S CLIQUEZ SUR LA PHOTO\u00a0\u00bb caption_pos=\u00a0\u00bbhover\u00a0\u00bb remove_rounded=\u00a0\u00bbyes\u00a0\u00bb fullwidth=\u00a0\u00bbno\u00a0\u00bb overflow_mode=\u00a0\u00bbnone\u00a0\u00bb image_link=\u00a0\u00bbhttps:\/\/airforceband.be\/?portfolio=afp-musical-journey-to-hope&amp;lang=fr\u00a0\u00bb link_target=\u00a0\u00bb_self\u00a0\u00bb lightbox=\u00a0\u00bbno\u00a0\u00bb intro_animation=\u00a0\u00bbnone\u00a0\u00bb animation_delay=\u00a0\u00bb200&Prime; width=\u00a0\u00bb1\/1&Prime; el_position=\u00a0\u00bbfirst last\u00a0\u00bb][\/spb_image] [spb_blank_spacer height=\u00a0\u00bb30px\u00a0\u00bb width=\u00a0\u00bb1\/1&Prime; el_position=\u00a0\u00bbfirst last\u00a0\u00bb] [spb_text_block animation=\u00a0\u00bbnone\u00a0\u00bb animation_delay=\u00a0\u00bb0&Prime; simplified_controls=\u00a0\u00bbyes\u00a0\u00bb custom_css_percentage=\u00a0\u00bbno\u00a0\u00bb padding_vertical=\u00a0\u00bb0&Prime; padding_horizontal=\u00a0\u00bb0&Prime; margin_vertical=\u00a0\u00bb0&Prime; custom_css=\u00a0\u00bbmargin-top: 0px;margin-bottom: 0px;\u00a0\u00bb border_size=\u00a0\u00bb0&Prime; border_styling_global=\u00a0\u00bbdefault\u00a0\u00bb width=\u00a0\u00bb1\/3&Prime; el_position=\u00a0\u00bbfirst\u00a0\u00bb]\n<p style=\"text-align: center;\">Retrouvez Matty Cilissen et tous ses musiciens dans une interpr\u00e9tation fascinante des plus belles marches qui jalonnent l\u2019histoire de la Musique Royale de la Force A\u00e9rienne.<\/p>\n[\/spb_text_block] [spb_text_block animation=\u00a0\u00bbnone\u00a0\u00bb animation_delay=\u00a0\u00bb0&Prime; simplified_controls=\u00a0\u00bbyes\u00a0\u00bb custom_css_percentage=\u00a0\u00bbno\u00a0\u00bb padding_vertical=\u00a0\u00bb0&Prime; padding_horizontal=\u00a0\u00bb0&Prime; margin_vertical=\u00a0\u00bb0&Prime; custom_css=\u00a0\u00bbmargin-top: 0px;margin-bottom: 0px;\u00a0\u00bb border_size=\u00a0\u00bb0&Prime; border_styling_global=\u00a0\u00bbdefault\u00a0\u00bb width=\u00a0\u00bb1\/3&Prime;]\n<p style=\"text-align: center;\">Retrouvez Matty Cilissen et tous ses musiciens, en concert avec le c\u00e9l\u00e8bre soliste belge Glenn Van Looy, pour une interpr\u00e9tation fascinante de merveilleux chefs-d\u2019\u0153uvre qui ne cessent d\u2019\u00e9mouvoir.<\/p>\n[\/spb_text_block] [spb_button button_text=\u00a0\u00bbMORE INFO &#8211; NEW COMPACT DISCS\u00a0\u00bb button_size=\u00a0\u00bbstandard\u00a0\u00bb button_colour=\u00a0\u00bbtransparent-dark\u00a0\u00bb button_type=\u00a0\u00bbrotate-3d\u00a0\u00bb rounded=\u00a0\u00bbno\u00a0\u00bb button_dropshadow=\u00a0\u00bbno\u00a0\u00bb button_link=\u00a0\u00bbhttps:\/\/airforceband.be\/compact-disc-2\/?lang=fr\u00a0\u00bb button_target=\u00a0\u00bb_self\u00a0\u00bb align=\u00a0\u00bbcenter\u00a0\u00bb animation=\u00a0\u00bbnone\u00a0\u00bb animation_delay=\u00a0\u00bb0&Prime; width=\u00a0\u00bb1\/3&Prime; el_position=\u00a0\u00bblast\u00a0\u00bb] [spb_image image=\u00a0\u00bb2249&Prime; image_size=\u00a0\u00bbfull\u00a0\u00bb image_width=\u00a0\u00bb400&Prime; frame=\u00a0\u00bbshadowframe\u00a0\u00bb caption_pos=\u00a0\u00bbhover\u00a0\u00bb remove_rounded=\u00a0\u00bbyes\u00a0\u00bb fullwidth=\u00a0\u00bbno\u00a0\u00bb overflow_mode=\u00a0\u00bbnone\u00a0\u00bb link_target=\u00a0\u00bb_self\u00a0\u00bb lightbox=\u00a0\u00bbyes\u00a0\u00bb intro_animation=\u00a0\u00bbnone\u00a0\u00bb animation_delay=\u00a0\u00bb200&Prime; width=\u00a0\u00bb1\/3&Prime; el_position=\u00a0\u00bbfirst\u00a0\u00bb][\/spb_image] [spb_image image=\u00a0\u00bb2248&Prime; image_size=\u00a0\u00bbfull\u00a0\u00bb image_width=\u00a0\u00bb400&Prime; frame=\u00a0\u00bbshadowframe\u00a0\u00bb caption_pos=\u00a0\u00bbhover\u00a0\u00bb remove_rounded=\u00a0\u00bbyes\u00a0\u00bb fullwidth=\u00a0\u00bbno\u00a0\u00bb overflow_mode=\u00a0\u00bbnone\u00a0\u00bb link_target=\u00a0\u00bb_self\u00a0\u00bb lightbox=\u00a0\u00bbyes\u00a0\u00bb intro_animation=\u00a0\u00bbnone\u00a0\u00bb animation_delay=\u00a0\u00bb200&Prime; width=\u00a0\u00bb1\/3&Prime;][\/spb_image] [spb_image image=\u00a0\u00bb3585&Prime; image_size=\u00a0\u00bbfull\u00a0\u00bb image_width=\u00a0\u00bb400&Prime; frame=\u00a0\u00bbshadowframe\u00a0\u00bb caption_pos=\u00a0\u00bbhover\u00a0\u00bb remove_rounded=\u00a0\u00bbyes\u00a0\u00bb fullwidth=\u00a0\u00bbno\u00a0\u00bb overflow_mode=\u00a0\u00bbnone\u00a0\u00bb link_target=\u00a0\u00bb_self\u00a0\u00bb lightbox=\u00a0\u00bbyes\u00a0\u00bb intro_animation=\u00a0\u00bbnone\u00a0\u00bb animation_delay=\u00a0\u00bb200&Prime; width=\u00a0\u00bb1\/3&Prime; el_position=\u00a0\u00bblast\u00a0\u00bb][\/spb_image] [spb_blank_spacer height=\u00a0\u00bb30px\u00a0\u00bb width=\u00a0\u00bb1\/1&Prime; el_position=\u00a0\u00bbfirst last\u00a0\u00bb] [spb_image element_name=\u00a0\u00bbCLICK ON THE IMAGE TO PREVIEW THIS BOOK\u00a0\u00bb image=\u00a0\u00bb2304&Prime; image_size=\u00a0\u00bbfull\u00a0\u00bb frame=\u00a0\u00bbnoframe\u00a0\u00bb caption_pos=\u00a0\u00bbhover\u00a0\u00bb remove_rounded=\u00a0\u00bbyes\u00a0\u00bb fullwidth=\u00a0\u00bbno\u00a0\u00bb overflow_mode=\u00a0\u00bbnone\u00a0\u00bb image_link=\u00a0\u00bbhttps:\/\/indd.adobe.com\/view\/28a7658c-9e3c-4f6a-98d6-8ab0f3e40d4a\u00a0\u00bb link_target=\u00a0\u00bb_blank\u00a0\u00bb lightbox=\u00a0\u00bbno\u00a0\u00bb intro_animation=\u00a0\u00bbnone\u00a0\u00bb animation_delay=\u00a0\u00bb200&Prime; width=\u00a0\u00bb1\/3&Prime; el_position=\u00a0\u00bbfirst\u00a0\u00bb]\n<h3 class=\"spb-heading\" style=\"text-align: center;\">Click on the image to preview<\/h3>\n<h3 class=\"spb-heading\" style=\"text-align: center;\">a part of this book !<\/h3>\n[\/spb_image] [spb_text_block animation=\u00a0\u00bbnone\u00a0\u00bb animation_delay=\u00a0\u00bb0&Prime; simplified_controls=\u00a0\u00bbyes\u00a0\u00bb custom_css_percentage=\u00a0\u00bbno\u00a0\u00bb padding_vertical=\u00a0\u00bb0&Prime; padding_horizontal=\u00a0\u00bb0&Prime; margin_vertical=\u00a0\u00bb0&Prime; custom_css=\u00a0\u00bbmargin-top: 0px;margin-bottom: 0px;\u00a0\u00bb border_size=\u00a0\u00bb0&Prime; border_styling_global=\u00a0\u00bbdefault\u00a0\u00bb width=\u00a0\u00bb1\/3&Prime;]\n<p>De \u201cBelgian Air Force Royal Symphonic Band Association\u201d (ASBF) is terecht fier de geschiedenis van de Koninklijke Muziekkapel van de Luchtmacht tot leven te brengen ter gelegenheid van de 70ste verjaardag van haar oprichting.<\/p>\n<p>Dit boek vertelt ons het prachtige avontuur van een orkest dat ontstaan is in de schoot van de Luchtmacht tijdens de lentedagen van 1947 met 70 jaar voortdurende verbondenheid met de Wings, honderden concerten in de Belgische steden en gemeenten en een muzikale uitstraling die nooit gestopt is, om steeds groter te worden in de hele wereld.<\/p>\n<hr \/>\n<p>La \u00ab Belgian Air Force Royal Symphonic Band Association \u00bb (ASBF) est fi\u00e8re de produire l\u2019histoire de la Musique Royale de la Force A\u00e9rienne \u00e0 l\u2019occasion du 70i\u00e8me anniversaire de sa de sa cr\u00e9ation.<\/p>\n<p>Ce livre raconte l\u2019aventure merveilleuse d\u2019un orchestre n\u00e9 dans le berceau de la Force A\u00e9rienne au printemps de 1947, 70 ann\u00e9es de complicit\u00e9 permanentes avec les Wings, des centaines de concerts dans les villes et les communes belges et un rayonnement musical qui n\u2019a pas cess\u00e9 de grandir dans le monde entier.<\/p>\n[\/spb_text_block] [spb_button button_text=\u00a0\u00bbCLIQUEZ ICI POUR COMMANDER\u00a0\u00bb button_size=\u00a0\u00bbstandard\u00a0\u00bb button_colour=\u00a0\u00bbtransparent-dark\u00a0\u00bb button_type=\u00a0\u00bbrotate-3d\u00a0\u00bb rounded=\u00a0\u00bbno\u00a0\u00bb button_dropshadow=\u00a0\u00bbno\u00a0\u00bb button_icon=\u00a0\u00bbfa-arrow-right\u00a0\u00bb button_link=\u00a0\u00bbhttp:\/\/airforcebandbe.webhosting.be\/cd_commander\/?lang=fr\u00a0\u00bb button_target=\u00a0\u00bb_self\u00a0\u00bb align=\u00a0\u00bbcenter\u00a0\u00bb animation=\u00a0\u00bbnone\u00a0\u00bb animation_delay=\u00a0\u00bb0&Prime; width=\u00a0\u00bb1\/3&Prime; el_position=\u00a0\u00bblast\u00a0\u00bb] [spb_text_block animation=\u00a0\u00bbnone\u00a0\u00bb animation_delay=\u00a0\u00bb0&Prime; simplified_controls=\u00a0\u00bbyes\u00a0\u00bb custom_css_percentage=\u00a0\u00bbno\u00a0\u00bb padding_vertical=\u00a0\u00bb0&Prime; padding_horizontal=\u00a0\u00bb0&Prime; margin_vertical=\u00a0\u00bb0&Prime; custom_css=\u00a0\u00bbmargin-top: 0px;margin-bottom: 0px;\u00a0\u00bb border_size=\u00a0\u00bb0&Prime; border_styling_global=\u00a0\u00bbdefault\u00a0\u00bb width=\u00a0\u00bb1\/1&Prime; el_position=\u00a0\u00bbfirst last\u00a0\u00bb]\n<p>Remise du cheque \u00e0 FONAVIBEL &#8211; 2022<\/p>\n[\/spb_text_block] [spb_image image=\u00a0\u00bb4892&Prime; image_size=\u00a0\u00bbfull\u00a0\u00bb frame=\u00a0\u00bbnoframe\u00a0\u00bb caption_pos=\u00a0\u00bbhover\u00a0\u00bb remove_rounded=\u00a0\u00bbyes\u00a0\u00bb fullwidth=\u00a0\u00bbno\u00a0\u00bb overflow_mode=\u00a0\u00bbnone\u00a0\u00bb link_target=\u00a0\u00bb_self\u00a0\u00bb lightbox=\u00a0\u00bbno\u00a0\u00bb intro_animation=\u00a0\u00bbnone\u00a0\u00bb animation_delay=\u00a0\u00bb200&Prime; width=\u00a0\u00bb1\/2&Prime; el_position=\u00a0\u00bbfirst\u00a0\u00bb][\/spb_image] [spb_image image=\u00a0\u00bb4890&Prime; image_size=\u00a0\u00bbfull\u00a0\u00bb frame=\u00a0\u00bbnoframe\u00a0\u00bb caption_pos=\u00a0\u00bbhover\u00a0\u00bb remove_rounded=\u00a0\u00bbyes\u00a0\u00bb fullwidth=\u00a0\u00bbno\u00a0\u00bb overflow_mode=\u00a0\u00bbnone\u00a0\u00bb link_target=\u00a0\u00bb_self\u00a0\u00bb lightbox=\u00a0\u00bbno\u00a0\u00bb intro_animation=\u00a0\u00bbnone\u00a0\u00bb animation_delay=\u00a0\u00bb200&Prime; width=\u00a0\u00bb1\/2&Prime; el_position=\u00a0\u00bblast\u00a0\u00bb][\/spb_image] [spb_blank_spacer height=\u00a0\u00bb30px\u00a0\u00bb width=\u00a0\u00bb1\/1&Prime; el_position=\u00a0\u00bbfirst last\u00a0\u00bb] [spb_widget_area sidebar_id=\u00a0\u00bbsidebar-3&Prime; width=\u00a0\u00bb1\/1&Prime; el_position=\u00a0\u00bbfirst last\u00a0\u00bb] [spb_button button_text=\u00a0\u00bbINFO &#8211; COMPACT DISCS\u00a0\u00bb button_size=\u00a0\u00bbstandard\u00a0\u00bb button_colour=\u00a0\u00bbtransparent-dark\u00a0\u00bb button_type=\u00a0\u00bbbordered\u00a0\u00bb rounded=\u00a0\u00bbno\u00a0\u00bb button_dropshadow=\u00a0\u00bbno\u00a0\u00bb button_link=\u00a0\u00bbhttps:\/\/airforceband.be\/compact-disc-2\/?lang=fr\u00a0\u00bb button_target=\u00a0\u00bb_self\u00a0\u00bb align=\u00a0\u00bbcenter\u00a0\u00bb animation=\u00a0\u00bbnone\u00a0\u00bb animation_delay=\u00a0\u00bb0&Prime; width=\u00a0\u00bb1\/1&Prime; el_position=\u00a0\u00bbfirst last\u00a0\u00bb] [spb_blank_spacer height=\u00a0\u00bb30px\u00a0\u00bb width=\u00a0\u00bb1\/1&Prime; el_position=\u00a0\u00bbfirst last\u00a0\u00bb] [spb_text_block animation=\u00a0\u00bbnone\u00a0\u00bb animation_delay=\u00a0\u00bb0&Prime; simplified_controls=\u00a0\u00bbyes\u00a0\u00bb custom_css_percentage=\u00a0\u00bbno\u00a0\u00bb padding_vertical=\u00a0\u00bb0&Prime; padding_horizontal=\u00a0\u00bb0&Prime; margin_vertical=\u00a0\u00bb0&Prime; border_size=\u00a0\u00bb0&Prime; border_styling_global=\u00a0\u00bbdefault\u00a0\u00bb width=\u00a0\u00bb1\/2&Prime; el_position=\u00a0\u00bbfirst\u00a0\u00bb]\n<h3><span style=\"color: #0000ff;\">Capitaine chef de musique Matty Cilissen<\/span><\/h3>\n<hr \/>\n<p>Matty Cilissen (\u00b0 Riemst-Heukelom, 1976) d\u00e9bute sa formation musicale \u00e0 l\u2019\u00e2ge de six ans.<br \/>\nEn parall\u00e8le des \u00e9tudes humanitaires (latin-math\u00e9matiques), il \u00e9tudie la fl\u00fbte traversi\u00e8re, le piano et la Musique de chambre \u00e0 l\u2019Acad\u00e9mie de Musique de Maasmechelen Eisden.<br \/>\nEnsuite, c\u2019est aux Conservatoires Royaux de Bruxelles, Gand, Anvers mais \u00e9galement Maastricht et l\u2019Institut Lemmens de Louvain qu\u2019il se sp\u00e9cialise en direction d\u2019orchestre (avec : Fran\u00e7ois De Ridder, Jan Cober, Norbert Nozy, Jan Hadermann, Dirk Brosse et Jan Van der Roost) et \u00e0 la fl\u00fbte traversi\u00e8re-piccolo (avec Gaby Van Riet, Wim Tonnaer)&#8230;<\/p>\n[\/spb_text_block] [spb_text_block animation=\u00a0\u00bbnone\u00a0\u00bb animation_delay=\u00a0\u00bb0&Prime; simplified_controls=\u00a0\u00bbyes\u00a0\u00bb custom_css_percentage=\u00a0\u00bbno\u00a0\u00bb padding_vertical=\u00a0\u00bb0&Prime; padding_horizontal=\u00a0\u00bb0&Prime; margin_vertical=\u00a0\u00bb0&Prime; border_size=\u00a0\u00bb0&Prime; border_styling_global=\u00a0\u00bbdefault\u00a0\u00bb width=\u00a0\u00bb1\/2&Prime; el_position=\u00a0\u00bblast\u00a0\u00bb]\n<h3><span style=\"color: #0000ff;\">Musique Royale de la Force A\u00e9rienne<\/span><\/h3>\n<hr \/>\n<p>Fond\u00e9e en 1946, la Musique de Bruxelles fut d\u00e8s l\u2019ann\u00e9e suivante renomm\u00e9e Musique de la Force A\u00e9rienne belge, avant de prendre le qualificatif de \u201cRoyale\u201d \u00e0 son cinquanti\u00e8me anniversaire. Cette unit\u00e9 d\u2019\u00e9lite de la D\u00e9fense belge se compose d\u2019un orchestre symphonique de 60 musiciens professionnels soigneusement s\u00e9lectionn\u00e9s, qui gr\u00e2ce \u00e0 plusieurs chefs d\u2019orchestre illustres, n\u2019a cess\u00e9 de progresser pour compter actuellement parmi les meilleures du monde.<\/p>\n[\/spb_text_block] [spb_blank_spacer height=\u00a0\u00bb30px\u00a0\u00bb width=\u00a0\u00bb1\/1&Prime; el_position=\u00a0\u00bbfirst last\u00a0\u00bb] [spb_button button_text=\u00a0\u00bbLIRE PLUS\u00a0\u00bb button_size=\u00a0\u00bblarge\u00a0\u00bb button_colour=\u00a0\u00bbtransparent-dark\u00a0\u00bb button_type=\u00a0\u00bbbordered\u00a0\u00bb rounded=\u00a0\u00bbno\u00a0\u00bb button_dropshadow=\u00a0\u00bbno\u00a0\u00bb button_link=\u00a0\u00bbhttps:\/\/airforceband.be\/matty-cilissen-2\/?lang=fr\u00a0\u00bb button_target=\u00a0\u00bb_self\u00a0\u00bb align=\u00a0\u00bbcenter\u00a0\u00bb animation=\u00a0\u00bbnone\u00a0\u00bb animation_delay=\u00a0\u00bb0&Prime; width=\u00a0\u00bb1\/2&Prime; el_position=\u00a0\u00bbfirst\u00a0\u00bb] [spb_button button_text=\u00a0\u00bbLIRE PLUS\u00a0\u00bb button_size=\u00a0\u00bblarge\u00a0\u00bb button_colour=\u00a0\u00bbtransparent-dark\u00a0\u00bb button_type=\u00a0\u00bbbordered\u00a0\u00bb rounded=\u00a0\u00bbno\u00a0\u00bb button_dropshadow=\u00a0\u00bbno\u00a0\u00bb button_link=\u00a0\u00bbhttps:\/\/airforceband.be\/muziekkapel\/?lang=fr\u00a0\u00bb button_target=\u00a0\u00bb_self\u00a0\u00bb align=\u00a0\u00bbcenter\u00a0\u00bb animation=\u00a0\u00bbnone\u00a0\u00bb animation_delay=\u00a0\u00bb0&Prime; width=\u00a0\u00bb1\/2&Prime; el_position=\u00a0\u00bblast\u00a0\u00bb] [spb_blank_spacer height=\u00a0\u00bb30px\u00a0\u00bb width=\u00a0\u00bb1\/1&Prime; el_position=\u00a0\u00bbfirst last\u00a0\u00bb] [spb_image image=\u00a0\u00bb966&Prime; image_size=\u00a0\u00bbfull\u00a0\u00bb image_width=\u00a0\u00bb250&Prime; frame=\u00a0\u00bbborderframe\u00a0\u00bb caption=\u00a0\u00bbCapitaine chef de musique Matty Cilissen\u00a0\u00bb caption_pos=\u00a0\u00bbhover\u00a0\u00bb remove_rounded=\u00a0\u00bbyes\u00a0\u00bb fullwidth=\u00a0\u00bbno\u00a0\u00bb overflow_mode=\u00a0\u00bbnone\u00a0\u00bb link_target=\u00a0\u00bb_self\u00a0\u00bb lightbox=\u00a0\u00bbno\u00a0\u00bb intro_animation=\u00a0\u00bbnone\u00a0\u00bb animation_delay=\u00a0\u00bb200&Prime; width=\u00a0\u00bb1\/2&Prime; el_position=\u00a0\u00bbfirst\u00a0\u00bb][\/spb_image] [spb_image image=\u00a0\u00bb541&Prime; image_size=\u00a0\u00bbfull\u00a0\u00bb image_width=\u00a0\u00bb550&Prime; frame=\u00a0\u00bbborderframe\u00a0\u00bb caption=\u00a0\u00bbKoninklijke Muziekkapel van de Belgische Luchtmacht \/ Musique Royale de la Force A\u00e9rienne Belge\u00a0\u00bb caption_pos=\u00a0\u00bbhover\u00a0\u00bb remove_rounded=\u00a0\u00bbyes\u00a0\u00bb fullwidth=\u00a0\u00bbno\u00a0\u00bb overflow_mode=\u00a0\u00bbnone\u00a0\u00bb link_target=\u00a0\u00bb_self\u00a0\u00bb lightbox=\u00a0\u00bbno\u00a0\u00bb intro_animation=\u00a0\u00bbnone\u00a0\u00bb animation_delay=\u00a0\u00bb200&Prime; width=\u00a0\u00bb1\/2&Prime; el_position=\u00a0\u00bblast\u00a0\u00bb][\/spb_image] [spb_text_block animation=\u00a0\u00bbnone\u00a0\u00bb animation_delay=\u00a0\u00bb0&Prime; simplified_controls=\u00a0\u00bbyes\u00a0\u00bb custom_css_percentage=\u00a0\u00bbno\u00a0\u00bb padding_vertical=\u00a0\u00bb0&Prime; padding_horizontal=\u00a0\u00bb0&Prime; margin_vertical=\u00a0\u00bb0&Prime; border_size=\u00a0\u00bb0&Prime; border_styling_global=\u00a0\u00bbdefault\u00a0\u00bb width=\u00a0\u00bb1\/1&Prime; el_position=\u00a0\u00bbfirst last\u00a0\u00bb]\n<p><strong>Belgian Air Force Royal Symphonic Band Association<\/strong><\/p>\n<p>L\u2019Association est constitu\u00e9e le 29 avril 1992 comme entit\u00e9 avec personnalit\u00e9 juridique, en particulier comme association sans but lucratif (asbl), conform\u00e9ment les dispositions de la Loi du 27 juin 1921, comme modifi\u00e9e par la Loi du 2 mai 2002 et par les dispositions reprises ci-apr\u00e8s.<\/p>\n<p>L\u2019Association est d\u00e9nomm\u00e9e \u00ab\u00a0Belgian Air Force Royal Symphonic Band Association\u00a0\u00bb, association sans but lucratif. L&rsquo;abr\u00e9viation sous forme du sigle \u00abASBF\u00bb, asbl peut \u00e9galement \u00eatre utilis\u00e9e.<\/p>\n[\/spb_text_block]\n","protected":false},"excerpt":{"rendered":"<p>[spb_blank_spacer height=\u00a0\u00bb30px\u00a0\u00bb width=\u00a0\u00bb1\/1&Prime; el_position=\u00a0\u00bbfirst last\u00a0\u00bb] [spb_image image_size=\u00a0\u00bbfull\u00a0\u00bb frame=\u00a0\u00bbnoframe\u00a0\u00bb caption=\u00a0\u00bbPOUR REGARDER LES PHOTO&rsquo;S CLIQUEZ SUR LA PHOTO\u00a0\u00bb caption_pos=\u00a0\u00bbhover\u00a0\u00bb remove_rounded=\u00a0\u00bbyes\u00a0\u00bb fullwidth=\u00a0\u00bbno\u00a0\u00bb overflow_mode=\u00a0\u00bbnone\u00a0\u00bb image_link=\u00a0\u00bbhttps:\/\/airforceband.be\/?portfolio=afp-musical-journey-to-hope&amp;lang=fr\u00a0\u00bb link_target=\u00a0\u00bb_self\u00a0\u00bb lightbox=\u00a0\u00bbno\u00a0\u00bb intro_animation=\u00a0\u00bbnone\u00a0\u00bb animation_delay=\u00a0\u00bb200&Prime; width=\u00a0\u00bb1\/1&Prime; el_position=\u00a0\u00bbfirst last\u00a0\u00bb][\/spb_image] [spb_blank_spacer height=\u00a0\u00bb30px\u00a0\u00bb width=\u00a0\u00bb1\/1&Prime; el_position=\u00a0\u00bbfirst last\u00a0\u00bb] [spb_text_block animation=\u00a0\u00bbnone\u00a0\u00bb animation_delay=\u00a0\u00bb0&Prime; simplified_controls=\u00a0\u00bbyes\u00a0\u00bb custom_css_percentage=\u00a0\u00bbno\u00a0\u00bb padding_vertical=\u00a0\u00bb0&Prime; padding_horizontal=\u00a0\u00bb0&Prime; margin_vertical=\u00a0\u00bb0&Prime; custom_css=\u00a0\u00bbmargin-top: 0px;margin-bottom: 0px;\u00a0\u00bb border_size=\u00a0\u00bb0&Prime; border_styling_global=\u00a0\u00bbdefault\u00a0\u00bb width=\u00a0\u00bb1\/3&Prime; el_position=\u00a0\u00bbfirst\u00a0\u00bb] Retrouvez Matty Cilissen et tous ses musiciens dans une interpr\u00e9tation fascinante des [&hellip;]<\/p>\n","protected":false},"author":3,"featured_media":0,"parent":0,"menu_order":0,"comment_status":"closed","ping_status":"closed","template":"","meta":{"_price":"","_stock":"","_tribe_ticket_header":"","_tribe_default_ticket_provider":"","_tribe_ticket_capacity":"0","_ticket_start_date":"","_ticket_end_date":"","_tribe_ticket_show_description":"","_tribe_ticket_show_not_going":false,"_tribe_ticket_use_global_stock":"","_tribe_ticket_global_stock_level":"","_global_stock_mode":"","_global_stock_cap":"","_tribe_rsvp_for_event":"","_tribe_ticket_going_count":"","_tribe_ticket_not_going_count":"","_tribe_tickets_list":"[]","_tribe_ticket_has_attendee_info_fields":false,"footnotes":"","_tec_slr_enabled":"","_tec_slr_layout":""},"class_list":["post-1177","page","type-page","status-publish","hentry"],"ticketed":false,"_links":{"self":[{"href":"https:\/\/airforceband.be\/fr\/wp-json\/wp\/v2\/pages\/1177\/"}],"collection":[{"href":"https:\/\/airforceband.be\/fr\/wp-json\/wp\/v2\/pages\/"}],"about":[{"href":"https:\/\/airforceband.be\/fr\/wp-json\/wp\/v2\/types\/page\/"}],"author":[{"embeddable":true,"href":"https:\/\/airforceband.be\/fr\/wp-json\/wp\/v2\/users\/3\/"}],"replies":[{"embeddable":true,"href":"https:\/\/airforceband.be\/fr\/wp-json\/wp\/v2\/comments\/?post=1177"}],"version-history":[{"count":114,"href":"https:\/\/airforceband.be\/fr\/wp-json\/wp\/v2\/pages\/1177\/revisions\/"}],"predecessor-version":[{"id":5458,"href":"https:\/\/airforceband.be\/fr\/wp-json\/wp\/v2\/pages\/1177\/revisions\/5458\/"}],"wp:attachment":[{"href":"https:\/\/airforceband.be\/fr\/wp-json\/wp\/v2\/media\/?parent=1177"}],"curies":[{"name":"wp","href":"https:\/\/api.w.org\/{rel}","templated":true}]}}